{"id":1862,"date":"2025-12-10T11:35:37","date_gmt":"2025-12-10T11:35:37","guid":{"rendered":"https:\/\/grupovalenciaga.com\/?page_id=1862"},"modified":"2025-12-15T07:28:38","modified_gmt":"2025-12-15T07:28:38","slug":"contacto","status":"publish","type":"page","link":"https:\/\/grupovalenciaga.com\/es\/contacto","title":{"rendered":"Contacto"},"content":{"rendered":"<div data-elementor-type=\"wp-post\" data-elementor-id=\"1862\" class=\"elementor elementor-1862\">\n\t\t\t\t<div class=\"elementor-element elementor-element-937b56d e-con-full gru-nos-01 gru-con-01 e-flex e-con e-parent\" data-id=\"937b56d\" data-element_type=\"container\">\n\t\t\t\t<div class=\"elementor-element elementor-element-50944bd gradiente elementor-widget elementor-widget-image\" data-id=\"50944bd\" data-element_type=\"widget\" data-widget_type=\"image.default\">\n\t\t\t\t<div class=\"elementor-widget-container\">\n\t\t\t\t\t\t\t\t\t\t\t\t\t<img fetchpriority=\"high\" decoding=\"async\" width=\"1920\" height=\"372\" src=\"https:\/\/grupovalenciaga.com\/wp-content\/uploads\/2025\/12\/banner-contacto.jpg\" class=\"attachment-full size-full wp-image-1864\" alt=\"banner-contacto\" srcset=\"https:\/\/grupovalenciaga.com\/wp-content\/uploads\/2025\/12\/banner-contacto.jpg 1920w, https:\/\/grupovalenciaga.com\/wp-content\/uploads\/2025\/12\/banner-contacto-300x58.jpg 300w, https:\/\/grupovalenciaga.com\/wp-content\/uploads\/2025\/12\/banner-contacto-1024x198.jpg 1024w, https:\/\/grupovalenciaga.com\/wp-content\/uploads\/2025\/12\/banner-contacto-768x149.jpg 768w, https:\/\/grupovalenciaga.com\/wp-content\/uploads\/2025\/12\/banner-contacto-1536x298.jpg 1536w\" sizes=\"(max-width: 1920px) 100vw, 1920px\" \/>\t\t\t\t\t\t\t\t\t\t\t\t\t<\/div>\n\t\t\t\t<\/div>\n\t\t\t\t<\/div>\n\t\t<div class=\"elementor-element elementor-element-dfc2df7 gru-con-02 e-flex e-con-boxed e-con e-parent\" data-id=\"dfc2df7\" data-element_type=\"container\">\n\t\t\t\t\t<div class=\"e-con-inner\">\n\t\t\t\t<div class=\"elementor-element elementor-element-7b7bf3b elementor-widget elementor-widget-heading\" data-id=\"7b7bf3b\" data-element_type=\"widget\" data-widget_type=\"heading.default\">\n\t\t\t\t<div class=\"elementor-widget-container\">\n\t\t\t<h1 class=\"elementor-heading-title elementor-size-default\">Pide presupuesto!<\/h1>\t\t<\/div>\n\t\t\t\t<\/div>\n\t\t\t\t<div class=\"elementor-element elementor-element-93ee3c3 elementor-widget elementor-widget-text-editor\" data-id=\"93ee3c3\" data-element_type=\"widget\" data-widget_type=\"text-editor.default\">\n\t\t\t\t<div class=\"elementor-widget-container\">\n\t\t\t\t\t\t\tSi tienes en mente un evento especial y quieres que todo salga perfecto, en <strong>Grupo Valenciaga<\/strong> estaremos encantados de acompa\u00f1arte desde el primer momento. <strong>Nuestro equipo te asesora en cada detalle<\/strong> para ayudarte a crear <strong>una experiencia gastron\u00f3mica \u00fanica<\/strong>, adaptada al lugar, a las necesidades de tus invitados y al estilo que mejor te represente.\n<br><br>\n<strong>Puedes solicitar un presupuesto sin compromiso y contarnos exactamente lo que buscas<\/strong>: una boda al aire libre, una celebraci\u00f3n familiar, un encuentro de empresa o cualquier evento que merezca ser recordado. Responderemos cuanto antes para ofrecerte una propuesta personalizada y transparente, siempre con un trato cercano y profesional.\t\t\t\t\t\t<\/div>\n\t\t\t\t<\/div>\n\t\t\t\t\t<\/div>\n\t\t\t\t<\/div>\n\t\t<div class=\"elementor-element elementor-element-0384948 gru-con-03 e-flex e-con-boxed e-con e-parent\" data-id=\"0384948\" data-element_type=\"container\" data-settings=\"{&quot;background_background&quot;:&quot;classic&quot;}\">\n\t\t\t\t\t<div class=\"e-con-inner\">\n\t\t\t\t<div class=\"elementor-element elementor-element-df846be elementor-widget elementor-widget-shortcode\" data-id=\"df846be\" data-element_type=\"widget\" data-widget_type=\"shortcode.default\">\n\t\t\t\t<div class=\"elementor-widget-container\">\n\t\t\t\t\t<div class=\"elementor-shortcode\">\n<div class=\"wpcf7 no-js\" id=\"wpcf7-f1866-o1\" lang=\"es-ES\" dir=\"ltr\" data-wpcf7-id=\"1866\">\n<div class=\"screen-reader-response\"><p role=\"status\" aria-live=\"polite\" aria-atomic=\"true\"><\/p> <ul><\/ul><\/div>\n<form action=\"\/es\/wp-json\/wp\/v2\/pages\/1862#wpcf7-f1866-o1\" method=\"post\" class=\"wpcf7-form init wpcf7-acceptance-as-validation\" aria-label=\"Formulario de contacto\" novalidate=\"novalidate\" data-status=\"init\" data-trp-original-action=\"\/es\/wp-json\/wp\/v2\/pages\/1862#wpcf7-f1866-o1\">\n<fieldset class=\"hidden-fields-container\"><input type=\"hidden\" name=\"_wpcf7\" value=\"1866\" \/><input type=\"hidden\" name=\"_wpcf7_version\" value=\"6.1.4\" \/><input type=\"hidden\" name=\"_wpcf7_locale\" value=\"es_ES\" \/><input type=\"hidden\" name=\"_wpcf7_unit_tag\" value=\"wpcf7-f1866-o1\" \/><input type=\"hidden\" name=\"_wpcf7_container_post\" value=\"0\" \/><input type=\"hidden\" name=\"_wpcf7_posted_data_hash\" value=\"\" \/><input type=\"hidden\" name=\"_wpcf7cf_hidden_group_fields\" value=\"[]\" \/><input type=\"hidden\" name=\"_wpcf7cf_hidden_groups\" value=\"[]\" \/><input type=\"hidden\" name=\"_wpcf7cf_visible_groups\" value=\"[]\" \/><input type=\"hidden\" name=\"_wpcf7cf_repeaters\" value=\"[]\" \/><input type=\"hidden\" name=\"_wpcf7cf_steps\" value=\"{}\" \/><input type=\"hidden\" name=\"_wpcf7cf_options\" value=\"{&quot;form_id&quot;:1866,&quot;conditions&quot;:[{&quot;then_field&quot;:&quot;empresa-no-seleccionado&quot;,&quot;and_rules&quot;:[{&quot;if_field&quot;:&quot;tipo-celebracion&quot;,&quot;operator&quot;:&quot;not equals&quot;,&quot;if_value&quot;:&quot;Empresa&quot;}]},{&quot;then_field&quot;:&quot;empresa-seleccionado&quot;,&quot;and_rules&quot;:[{&quot;if_field&quot;:&quot;tipo-celebracion&quot;,&quot;operator&quot;:&quot;equals&quot;,&quot;if_value&quot;:&quot;Empresa&quot;}]},{&quot;then_field&quot;:&quot;-1&quot;,&quot;and_rules&quot;:[{&quot;if_field&quot;:&quot;existe-data&quot;,&quot;operator&quot;:&quot;is empty&quot;,&quot;if_value&quot;:&quot;&quot;}]},{&quot;then_field&quot;:&quot;-1&quot;,&quot;and_rules&quot;:[{&quot;if_field&quot;:&quot;existe-data&quot;,&quot;operator&quot;:&quot;equals&quot;,&quot;if_value&quot;:&quot;Non&quot;}]},{&quot;then_field&quot;:&quot;data-seleccionado&quot;,&quot;and_rules&quot;:[{&quot;if_field&quot;:&quot;existe-data&quot;,&quot;operator&quot;:&quot;equals&quot;,&quot;if_value&quot;:&quot;Si&quot;}]},{&quot;then_field&quot;:&quot;-1&quot;,&quot;and_rules&quot;:[{&quot;if_field&quot;:&quot;existe-lugar&quot;,&quot;operator&quot;:&quot;is empty&quot;,&quot;if_value&quot;:&quot;&quot;}]},{&quot;then_field&quot;:&quot;-1&quot;,&quot;and_rules&quot;:[{&quot;if_field&quot;:&quot;existe-lugar&quot;,&quot;operator&quot;:&quot;equals&quot;,&quot;if_value&quot;:&quot;Non&quot;}]},{&quot;then_field&quot;:&quot;lugar-seleccionado&quot;,&quot;and_rules&quot;:[{&quot;if_field&quot;:&quot;existe-lugar&quot;,&quot;operator&quot;:&quot;equals&quot;,&quot;if_value&quot;:&quot;Si&quot;}]}],&quot;settings&quot;:{&quot;animation&quot;:&quot;yes&quot;,&quot;animation_intime&quot;:200,&quot;animation_outtime&quot;:200,&quot;conditions_ui&quot;:&quot;normal&quot;,&quot;notice_dismissed&quot;:false}}\" \/>\n<\/fieldset>\n<div class=\"fila\">\n\t<div class=\"col\">\n\t\t<p><span class=\"wpcf7-form-control-wrap\" data-name=\"nombre\"><input size=\"40\" maxlength=\"400\" class=\"wpcf7-form-control wpcf7-text wpcf7-validates-as-required\" aria-required=\"true\" aria-invalid=\"false\" placeholder=\"Nome (Obligatorio)\" value=\"\" type=\"text\" name=\"nombre\" \/><\/span>\n\t\t<\/p>\n\t<\/div>\n\t<div class=\"col\">\n\t\t<p><span class=\"wpcf7-form-control-wrap\" data-name=\"telefono\"><input size=\"50\" maxlength=\"400\" class=\"wpcf7-form-control wpcf7-text\" aria-invalid=\"false\" placeholder=\"Tel\u00e9fono (opcional)\" value=\"\" type=\"text\" name=\"telefono\" \/><\/span>\n\t\t<\/p>\n\t<\/div>\n<\/div>\n<div class=\"fila\">\n\t<p><span class=\"wpcf7-form-control-wrap\" data-name=\"email\"><input size=\"10\" maxlength=\"400\" class=\"wpcf7-form-control wpcf7-email wpcf7-validates-as-required wpcf7-text wpcf7-validates-as-email required\" aria-required=\"true\" aria-invalid=\"false\" placeholder=\"Correo electr\u00f3nico (Obligatorio)\" value=\"\" type=\"email\" name=\"email\" \/><\/span>\n\t<\/p>\n<\/div>\n<div class=\"fila\">\n\t<div class=\"col\">\n\t\t<p><span class=\"wpcf7-form-control-wrap\" data-name=\"tipo-celebracion\"><select class=\"wpcf7-form-control wpcf7-select wpcf7-validates-as-required\" aria-required=\"true\" aria-invalid=\"false\" name=\"tipo-celebracion\"><option value=\"Tipo de celebraci\u00f3n (Obligatorio)\">Tipo de celebraci\u00f3n (Obligatorio)<\/option><option value=\"Voda\">Boda<\/option><option value=\"Comuni\u00f3n\">Comuni\u00f3n<\/option><option value=\"Bautizo\">Bautizo<\/option><option value=\"Evento Familiar\">Evento Familiar<\/option><option value=\"Evento Social\">Evento Social<\/option><option value=\"Empresa\">Empresa<\/option><option value=\"Outro\">Otro<\/option><\/select><\/span>\n\t\t<\/p>\n\t<\/div>\n\t<div data-id=\"empresa-no-seleccionado\" data-orig_data_id=\"empresa-no-seleccionado\"  class=\"\" data-class=\"wpcf7cf_group\">\n\t\t<div class=\"col\">\n\t\t\t<p><span class=\"wpcf7-form-control-wrap\" data-name=\"tipo-catering\"><select class=\"wpcf7-form-control wpcf7-select wpcf7-validates-as-required\" aria-required=\"true\" aria-invalid=\"false\" name=\"tipo-catering\"><option value=\"Tipo de catering (Obligatorio)\">Tipo de catering (Obligatorio)<\/option><option value=\"Estilo c\u00f3ctel (Todo de pe)\">Estilo c\u00f3ctel (Todo de pie)<\/option><option value=\"Estilo c\u00f3ctel + sentado\">Estilo c\u00f3ctel + sentado<\/option><option value=\"Comida ou cea (Xeral)\">Comida o cena (General)<\/option><option value=\"Acto con apertitivos (Xeral)\">Acto con aperitivos (General)<\/option><option value=\"Outro\">Otro<\/option><\/select><\/span>\n\t\t\t<\/p>\n\t\t<\/div>\n\t<\/div>\n\t<div data-id=\"empresa-seleccionado\" data-orig_data_id=\"empresa-seleccionado\"  class=\"\" data-class=\"wpcf7cf_group\">\n\t\t<div class=\"col\">\n\t\t\t<p><span class=\"wpcf7-form-control-wrap\" data-name=\"tipo-catering\"><select class=\"wpcf7-form-control wpcf7-select wpcf7-validates-as-required\" aria-required=\"true\" aria-invalid=\"false\" name=\"tipo-catering\"><option value=\"Tipo de catering (Obligatorio)\">Tipo de catering (Obligatorio)<\/option><option value=\"Coffee break\">Coffee break<\/option><option value=\"Evento Networking\">Evento Networking<\/option><option value=\"Acto con aperitivos\">Acto con aperitivos<\/option><option value=\"Comidas ou ceas\">Comidas o cenas<\/option><\/select><\/span>\n\t\t\t<\/p>\n\t\t<\/div>\n\t<\/div>\n<\/div>\n<div class=\"fila\">\n\t<p><span class=\"wpcf7-form-control-wrap\" data-name=\"num-comensais\"><select class=\"wpcf7-form-control wpcf7-select wpcf7-validates-as-required\" aria-required=\"true\" aria-invalid=\"false\" name=\"num-comensais\"><option value=\"N\u00famero de comensais (Obligatorio)\">N\u00famero de comensais (Obligatorio)<\/option><option value=\"30 \u2013 50\">30 \u2013 50<\/option><option value=\"50 \u2013 100\">50 \u2013 100<\/option><option value=\"100 \u2013 150\">100 \u2013 150<\/option><option value=\"150 \u2013 200\">150 \u2013 200<\/option><option value=\"200 \u2013 500\">200 \u2013 500<\/option><option value=\"500 \u2013 3000\">500 \u2013 3000<\/option><option value=\"A\u00ednda non o sei\">No lo s\u00e9 todav\u00eda<\/option><\/select><\/span>\n\t<\/p>\n<\/div>\n<div class=\"fila\">\n\t<div class=\"col\">\n\t\t<div class=\"w50\">\n\t\t\t<p>Tienes fecha para el evento?\n\t\t\t<\/p>\n\t\t<\/div>\n\t\t<div class=\"w50\">\n\t\t\t<p><span class=\"wpcf7-form-control-wrap\" data-name=\"existe-data\"><span class=\"wpcf7-form-control wpcf7-radio\"><span class=\"wpcf7-list-item first\"><input type=\"radio\" name=\"existe-data\" value=\"Si\" \/><span class=\"wpcf7-list-item-label\">Si<\/span><\/span><span class=\"wpcf7-list-item last\"><input type=\"radio\" name=\"existe-data\" value=\"Non\" \/><span class=\"wpcf7-list-item-label\">No<\/span><\/span><\/span><\/span>\n\t\t\t<\/p>\n\t\t<\/div>\n\t<\/div>\n\t<div data-id=\"data-seleccionado\" data-orig_data_id=\"data-seleccionado\"  class=\"\" data-class=\"wpcf7cf_group\">\n\t\t<div class=\"col\">\n\t\t\t<p><span class=\"wpcf7-form-control-wrap\" data-name=\"data-evento\"><input class=\"wpcf7-form-control wpcf7-date wpcf7-validates-as-required wpcf7-validates-as-date\" aria-required=\"true\" aria-invalid=\"false\" placeholder=\"Data do evento (dd\/mm\/aaaa) (Obligatorio)\" value=\"\" type=\"date\" name=\"data-evento\" \/><\/span>\n\t\t\t<\/p>\n\t\t<\/div>\n\t<\/div>\n<\/div>\n<div class=\"fila\">\n\t<div class=\"col\">\n\t\t<div class=\"w50\">\n\t\t\t<p>Tienes lugar para el evento?\n\t\t\t<\/p>\n\t\t<\/div>\n\t\t<div class=\"w50\">\n\t\t\t<p><span class=\"wpcf7-form-control-wrap\" data-name=\"existe-lugar\"><span class=\"wpcf7-form-control wpcf7-radio\"><span class=\"wpcf7-list-item first\"><input type=\"radio\" name=\"existe-lugar\" value=\"Si\" \/><span class=\"wpcf7-list-item-label\">Si<\/span><\/span><span class=\"wpcf7-list-item last\"><input type=\"radio\" name=\"existe-lugar\" value=\"Non\" \/><span class=\"wpcf7-list-item-label\">No<\/span><\/span><\/span><\/span>\n\t\t\t<\/p>\n\t\t<\/div>\n\t<\/div>\n\t<div data-id=\"lugar-seleccionado\" data-orig_data_id=\"lugar-seleccionado\"  class=\"\" data-class=\"wpcf7cf_group\">\n\t\t<div class=\"col\">\n\t\t\t<p><span class=\"wpcf7-form-control-wrap\" data-name=\"lugar-evento\"><input size=\"40\" maxlength=\"400\" class=\"wpcf7-form-control wpcf7-text wpcf7-validates-as-required\" aria-required=\"true\" aria-invalid=\"false\" placeholder=\"Lugar del evento (Indicar localidad y provincia)\" value=\"\" type=\"text\" name=\"lugar-evento\" \/><\/span>\n\t\t\t<\/p>\n\t\t<\/div>\n\t<\/div>\n<\/div>\n<div class=\"fila\">\n\t<p><span class=\"wpcf7-form-control-wrap\" data-name=\"validacion\"><span class=\"wpcf7-form-control wpcf7-checkbox\"><span class=\"wpcf7-list-item first last\"><input type=\"checkbox\" name=\"validacion[]\" value=\"\" \/><span class=\"wpcf7-list-item-label\"><\/span><\/span><\/span><\/span>Le\u00ed y acepto la <a href=\"\/es\/politica-privacidad\/\" target=\"_blank\">pol\u00edtica de privacidad<\/a>\n\t<\/p>\n<\/div>\n<p><input type=\"hidden\" name=\"categoria\" value=\"form_contacto\" \/><br \/>\n<input class=\"wpcf7-form-control wpcf7-submit has-spinner\" type=\"submit\" value=\"Enviar\" \/>\n<\/p><div class=\"wpcf7-response-output\" aria-hidden=\"true\"><\/div>\n<input type=\"hidden\" name=\"trp-form-language\" value=\"es\"\/><\/form>\n<\/div>\n<\/div>\n\t\t\t\t<\/div>\n\t\t\t\t<\/div>\n\t\t\t\t\t<\/div>\n\t\t\t\t<\/div>\n\t\t<div class=\"elementor-element elementor-element-26a85c8 gru-con-04 e-flex e-con-boxed e-con e-parent\" data-id=\"26a85c8\" data-element_type=\"container\">\n\t\t\t\t\t<div class=\"e-con-inner\">\n\t\t<div class=\"elementor-element elementor-element-96df7ef e-con-full col-01 e-flex e-con e-child\" data-id=\"96df7ef\" data-element_type=\"container\">\n\t\t\t\t<div class=\"elementor-element elementor-element-acaffae elementor-widget elementor-widget-heading\" data-id=\"acaffae\" data-element_type=\"widget\" data-widget_type=\"heading.default\">\n\t\t\t\t<div class=\"elementor-widget-container\">\n\t\t\t<h2 class=\"elementor-heading-title elementor-size-default\">Contacta directamente con nosotros<\/h2>\t\t<\/div>\n\t\t\t\t<\/div>\n\t\t\t\t<div class=\"elementor-element elementor-element-58924df elementor-widget elementor-widget-text-editor\" data-id=\"58924df\" data-element_type=\"widget\" data-widget_type=\"text-editor.default\">\n\t\t\t\t<div class=\"elementor-widget-container\">\n\t\t\t\t\t\t\t<ul class=\"contacto-enlaces\" style=\"list-style-type: none;\"><li><a href=\"tel:+34722324389\" target=\"_blank\" rel=\"noopener\"><img decoding=\"async\" src=\"\/wp-content\/uploads\/2025\/12\/telefono-contacto.svg\" alt=\"telefono-contacto\" \/>+34 722 324 389<\/a><\/li><li><a href=\"mailto:info@grupovalenciaga.com\" target=\"_blank\" rel=\"noopener\"><img decoding=\"async\" src=\"\/wp-content\/uploads\/2025\/12\/mail-contacto.svg\" alt=\"mail-contacto\" \/>info@grupovalenciaga.com<\/a><\/li><li><a href=\"https:\/\/maps.app.goo.gl\/M5jgj1fsT4NfPfgA8\" target=\"_blank\" rel=\"noopener\"><img decoding=\"async\" src=\"\/wp-content\/uploads\/2025\/12\/localizacion-contacto.svg\" alt=\"localizacion-contacto\" \/>Lg. de A Brea 14, A Estrada, Pontevedra<\/a><\/li><\/ul>\t\t\t\t\t\t<\/div>\n\t\t\t\t<\/div>\n\t\t<div class=\"elementor-element elementor-element-56be189 e-con-full e-flex e-con e-child\" data-id=\"56be189\" data-element_type=\"container\">\n\t\t\t\t<div class=\"elementor-element elementor-element-33fbc53 elementor-widget elementor-widget-image\" data-id=\"33fbc53\" data-element_type=\"widget\" data-widget_type=\"image.default\">\n\t\t\t\t<div class=\"elementor-widget-container\">\n\t\t\t\t\t\t\t\t\t\t\t\t\t\t<a href=\"https:\/\/www.instagram.com\/valenciagacatering\/\" target=\"_blank\">\n\t\t\t\t\t\t\t<img decoding=\"async\" width=\"38\" height=\"38\" src=\"https:\/\/grupovalenciaga.com\/wp-content\/uploads\/2025\/12\/instagram-contacto.svg\" class=\"attachment-large size-large wp-image-1881\" alt=\"instagram-contacto\" \/>\t\t\t\t\t\t\t\t<\/a>\n\t\t\t\t\t\t\t\t\t\t\t\t\t<\/div>\n\t\t\t\t<\/div>\n\t\t\t\t<div class=\"elementor-element elementor-element-8927745 elementor-widget elementor-widget-image\" data-id=\"8927745\" data-element_type=\"widget\" data-widget_type=\"image.default\">\n\t\t\t\t<div class=\"elementor-widget-container\">\n\t\t\t\t\t\t\t\t\t\t\t\t\t\t<a href=\"https:\/\/www.facebook.com\/grupovalenciaga\" target=\"_blank\">\n\t\t\t\t\t\t\t<img decoding=\"async\" width=\"38\" height=\"38\" src=\"https:\/\/grupovalenciaga.com\/wp-content\/uploads\/2025\/12\/facebook-contacto.svg\" class=\"attachment-large size-large wp-image-1886\" alt=\"\" \/>\t\t\t\t\t\t\t\t<\/a>\n\t\t\t\t\t\t\t\t\t\t\t\t\t<\/div>\n\t\t\t\t<\/div>\n\t\t\t\t<div class=\"elementor-element elementor-element-51e830a elementor-widget elementor-widget-image\" data-id=\"51e830a\" data-element_type=\"widget\" data-widget_type=\"image.default\">\n\t\t\t\t<div class=\"elementor-widget-container\">\n\t\t\t\t\t\t\t\t\t\t\t\t\t\t<a href=\"https:\/\/www.tiktok.com\/@valenciaga.catering\" target=\"_blank\">\n\t\t\t\t\t\t\t<img loading=\"lazy\" decoding=\"async\" width=\"38\" height=\"38\" src=\"https:\/\/grupovalenciaga.com\/wp-content\/uploads\/2025\/12\/tiktok-contacto.svg\" class=\"attachment-large size-large wp-image-1885\" alt=\"tiktok-contacto\" \/>\t\t\t\t\t\t\t\t<\/a>\n\t\t\t\t\t\t\t\t\t\t\t\t\t<\/div>\n\t\t\t\t<\/div>\n\t\t\t\t<\/div>\n\t\t\t\t<div class=\"elementor-element elementor-element-2482e47 elementor-widget elementor-widget-text-editor\" data-id=\"2482e47\" data-element_type=\"widget\" data-widget_type=\"text-editor.default\">\n\t\t\t\t<div class=\"elementor-widget-container\">\n\t\t\t\t\t\t\t<p><strong>Horario (noviembre - marzo)<\/strong>: Lunes - viernes | 10:00 \u2013 14:00\n<\/p>\n<strong>Horario (abril \u2013 octubre)<\/strong>: Lunes \u2013 vienres | 09:00 \u2013 14:00 \/ 16:00 \u2013 18:00\t\t\t\t\t\t<\/div>\n\t\t\t\t<\/div>\n\t\t\t\t<\/div>\n\t\t\t\t<div class=\"elementor-element elementor-element-3adeb7c elementor-widget elementor-widget-google_maps\" data-id=\"3adeb7c\" data-element_type=\"widget\" data-widget_type=\"google_maps.default\">\n\t\t\t\t<div class=\"elementor-widget-container\">\n\t\t\t\t\t<div class=\"elementor-custom-embed\">\n\t\t\t<iframe loading=\"lazy\"\n\t\t\t\t\tsrc=\"https:\/\/maps.google.com\/maps?q=Valenciaga%20Catering&#038;t=m&#038;z=12&#038;output=embed&#038;iwloc=near\"\n\t\t\t\t\ttitle=\"Valenciaga Catering\"\n\t\t\t\t\taria-label=\"Valenciaga Catering\"\n\t\t\t><\/iframe>\n\t\t<\/div>\n\t\t\t\t<\/div>\n\t\t\t\t<\/div>\n\t\t\t\t\t<\/div>\n\t\t\t\t<\/div>\n\t\t\t\t<\/div>","protected":false},"excerpt":{"rendered":"<p>Pide presuposto! Se tes en mente un evento especial e queres que todo saia perfecto, en Grupo Valenciaga estaremos encantados de acompa\u00f1arte dende o primeiro momento. O noso equipo asesorarate en cada detalle para axudarche a crear unha experiencia gastron\u00f3mica \u00fanica, adaptada ao lugar, \u00e1s necesidades dos teus convidados e ao estilo que mellor che [&hellip;]<\/p>","protected":false},"author":1,"featured_media":0,"parent":0,"menu_order":0,"comment_status":"closed","ping_status":"closed","template":"elementor_header_footer","meta":{"_joinchat":[],"footnotes":""},"class_list":["post-1862","page","type-page","status-publish","hentry"],"_links":{"self":[{"href":"https:\/\/grupovalenciaga.com\/es\/wp-json\/wp\/v2\/pages\/1862","targetHints":{"allow":["GET"]}}],"collection":[{"href":"https:\/\/grupovalenciaga.com\/es\/wp-json\/wp\/v2\/pages"}],"about":[{"href":"https:\/\/grupovalenciaga.com\/es\/wp-json\/wp\/v2\/types\/page"}],"author":[{"embeddable":true,"href":"https:\/\/grupovalenciaga.com\/es\/wp-json\/wp\/v2\/users\/1"}],"replies":[{"embeddable":true,"href":"https:\/\/grupovalenciaga.com\/es\/wp-json\/wp\/v2\/comments?post=1862"}],"version-history":[{"count":48,"href":"https:\/\/grupovalenciaga.com\/es\/wp-json\/wp\/v2\/pages\/1862\/revisions"}],"predecessor-version":[{"id":1987,"href":"https:\/\/grupovalenciaga.com\/es\/wp-json\/wp\/v2\/pages\/1862\/revisions\/1987"}],"wp:attachment":[{"href":"https:\/\/grupovalenciaga.com\/es\/wp-json\/wp\/v2\/media?parent=1862"}],"curies":[{"name":"wp","href":"https:\/\/api.w.org\/{rel}","templated":true}]}}